{"id":2529,"date":"2019-08-12T23:48:13","date_gmt":"2019-08-12T20:48:13","guid":{"rendered":"http:\/\/reynataevyemekleri.com\/?page_id=2529"},"modified":"2025-03-18T00:47:49","modified_gmt":"2025-03-17T21:47:49","slug":"hakkimizda","status":"publish","type":"page","link":"https:\/\/reynataevyemekleri.com\/index.php\/hakkimizda\/","title":{"rendered":"Hakk\u0131m\u0131zda"},"content":{"rendered":"\n<p>2013 y\u0131l\u0131nda Ankara K\u0131z\u0131lay Konur Sokakta \u0130karos Cafe K\u00fclt\u00fcr Evi olarak ba\u015flayan ticari hayat\u0131m\u0131za 2018 ba\u015flar\u0131ndan itibaren &#8220;Ne yedi\u011finizi sorgulay\u0131n&#8221; slogan\u0131 ile K\u0131z\u0131lay Kumrular&#8217;da Reynata Ev Yemekleri ve Mant\u0131 olarak devam ediyoruz. Gen\u00e7lerin genelde fast foodu tercih etti\u011fi g\u00fcn\u00fcm\u00fczde hizmet alan\u0131m\u0131z daralm\u0131\u015f olsa da insanlar\u0131n katk\u0131s\u0131z, do\u011fal, daha sa\u011fl\u0131kl\u0131 ev yeme\u011fine y\u00f6nelmesini umut ederek elimizden geleni yapmaya \u00e7al\u0131\u015f\u0131yoruz. Bu s\u00fcre\u00e7te katk\u0131s\u0131z ev yemeklerimiz ve do\u011fal i\u00e7eceklerimiz ile fark yaratmaya \u00e7al\u0131\u015ft\u0131k.<\/p>\n\n\n\n<p>Se\u00e7meli ev yemeklerimiz ile Vegan, vejetaryen beslenmeyi tercih edenler, diyet yapanlar i\u00e7inde bir alternatif olduk. Ask\u0131da ne var, foodrail, foodturkey gibi gruplarda \u00f6\u011frenci ve gezginlerin yemek ihtiyac\u0131 i\u00e7in destek olduk. <\/p>\n\n\n\n<p>Her g\u00fcn de\u011fi\u015fen yemek men\u00fcm\u00fcz ile mevsim meyve ve sebzelerini kullanarak sa\u011fl\u0131kl\u0131 yemekler \u00fcretmeye devam ediyoruz.<\/p>\n","protected":false},"excerpt":{"rendered":"<p>2013 y\u0131l\u0131nda Ankara K\u0131z\u0131lay Konur Sokakta \u0130karos Cafe K\u00fclt\u00fcr Evi olarak ba\u015flayan ticari hayat\u0131m\u0131za 2018 ba\u015flar\u0131ndan itibaren &#8220;Ne yedi\u011finizi sorgulay\u0131n&#8221; slogan\u0131 ile K\u0131z\u0131lay Kumrular&#8217;da Reynata Ev Yemekleri ve Mant\u0131 olarak&#8230;<\/p>\n","protected":false},"author":1,"featured_media":0,"parent":0,"menu_order":0,"comment_status":"closed","ping_status":"closed","template":"","meta":{"footnotes":""},"class_list":["post-2529","page","type-page","status-publish","hentry"],"yoast_head":"<!-- This site is optimized with the Yoast SEO plugin v27.3 - https:\/\/yoast.com\/product\/yoast-seo-wordpress\/ -->\n<title>Hakk\u0131m\u0131zda - Reynata Ev Yemekleri ve Mant\u0131<\/title>\n<meta name=\"robots\" content=\"index, follow, max-snippet:-1, max-image-preview:large, max-video-preview:-1\" \/>\n<link rel=\"canonical\" href=\"https:\/\/reynataevyemekleri.com\/index.php\/hakkimizda\/\" \/>\n<meta property=\"og:locale\" content=\"tr_TR\" \/>\n<meta property=\"og:type\" content=\"article\" \/>\n<meta property=\"og:title\" content=\"Hakk\u0131m\u0131zda - Reynata Ev Yemekleri ve Mant\u0131\" \/>\n<meta property=\"og:description\" content=\"2013 y\u0131l\u0131nda Ankara K\u0131z\u0131lay Konur Sokakta \u0130karos Cafe K\u00fclt\u00fcr Evi olarak ba\u015flayan ticari hayat\u0131m\u0131za 2018 ba\u015flar\u0131ndan itibaren &#8220;Ne yedi\u011finizi sorgulay\u0131n&#8221; slogan\u0131 ile K\u0131z\u0131lay Kumrular&#8217;da Reynata Ev Yemekleri ve Mant\u0131 olarak...\" \/>\n<meta property=\"og:url\" content=\"https:\/\/reynataevyemekleri.com\/index.php\/hakkimizda\/\" \/>\n<meta property=\"og:site_name\" content=\"Reynata Ev Yemekleri ve Mant\u0131\" \/>\n<meta property=\"article:publisher\" content=\"https:\/\/facebook.com\/reynataevyemekleri\" \/>\n<meta property=\"article:modified_time\" content=\"2025-03-17T21:47:49+00:00\" \/>\n<meta name=\"twitter:card\" content=\"summary_large_image\" \/>\n<meta name=\"twitter:label1\" content=\"Tahmini okuma s\u00fcresi\" \/>\n\t<meta name=\"twitter:data1\" content=\"1 dakika\" \/>\n<script type=\"application\/ld+json\" class=\"yoast-schema-graph\">{\"@context\":\"https:\\\/\\\/schema.org\",\"@graph\":[{\"@type\":\"WebPage\",\"@id\":\"https:\\\/\\\/reynataevyemekleri.com\\\/index.php\\\/hakkimizda\\\/\",\"url\":\"https:\\\/\\\/reynataevyemekleri.com\\\/index.php\\\/hakkimizda\\\/\",\"name\":\"Hakk\u0131m\u0131zda - Reynata Ev Yemekleri ve Mant\u0131\",\"isPartOf\":{\"@id\":\"https:\\\/\\\/reynataevyemekleri.com\\\/#website\"},\"datePublished\":\"2019-08-12T20:48:13+00:00\",\"dateModified\":\"2025-03-17T21:47:49+00:00\",\"breadcrumb\":{\"@id\":\"https:\\\/\\\/reynataevyemekleri.com\\\/index.php\\\/hakkimizda\\\/#breadcrumb\"},\"inLanguage\":\"tr\",\"potentialAction\":[{\"@type\":\"ReadAction\",\"target\":[\"https:\\\/\\\/reynataevyemekleri.com\\\/index.php\\\/hakkimizda\\\/\"]}]},{\"@type\":\"BreadcrumbList\",\"@id\":\"https:\\\/\\\/reynataevyemekleri.com\\\/index.php\\\/hakkimizda\\\/#breadcrumb\",\"itemListElement\":[{\"@type\":\"ListItem\",\"position\":1,\"name\":\"Ana sayfa\",\"item\":\"https:\\\/\\\/reynataevyemekleri.com\\\/\"},{\"@type\":\"ListItem\",\"position\":2,\"name\":\"Hakk\u0131m\u0131zda\"}]},{\"@type\":\"WebSite\",\"@id\":\"https:\\\/\\\/reynataevyemekleri.com\\\/#website\",\"url\":\"https:\\\/\\\/reynataevyemekleri.com\\\/\",\"name\":\"Reynata Ev Yemekleri ve Do\u011fal \u0130\u00e7ecekler\",\"description\":\"K\u0131z\u0131lay&#039;da Ev Yemekleri ve Mant\u0131\",\"publisher\":{\"@id\":\"https:\\\/\\\/reynataevyemekleri.com\\\/#organization\"},\"potentialAction\":[{\"@type\":\"SearchAction\",\"target\":{\"@type\":\"EntryPoint\",\"urlTemplate\":\"https:\\\/\\\/reynataevyemekleri.com\\\/?s={search_term_string}\"},\"query-input\":{\"@type\":\"PropertyValueSpecification\",\"valueRequired\":true,\"valueName\":\"search_term_string\"}}],\"inLanguage\":\"tr\"},{\"@type\":\"Organization\",\"@id\":\"https:\\\/\\\/reynataevyemekleri.com\\\/#organization\",\"name\":\"Reynata Ev Yemekleri ve Do\u011fal \u0130\u00e7ecekler\",\"url\":\"https:\\\/\\\/reynataevyemekleri.com\\\/\",\"logo\":{\"@type\":\"ImageObject\",\"inLanguage\":\"tr\",\"@id\":\"https:\\\/\\\/reynataevyemekleri.com\\\/#\\\/schema\\\/logo\\\/image\\\/\",\"url\":\"https:\\\/\\\/reynataevyemekleri.com\\\/wp-content\\\/uploads\\\/2025\\\/03\\\/Reynata-Logo-Ham-copy.png\",\"contentUrl\":\"https:\\\/\\\/reynataevyemekleri.com\\\/wp-content\\\/uploads\\\/2025\\\/03\\\/Reynata-Logo-Ham-copy.png\",\"width\":2291,\"height\":2291,\"caption\":\"Reynata Ev Yemekleri ve Do\u011fal \u0130\u00e7ecekler\"},\"image\":{\"@id\":\"https:\\\/\\\/reynataevyemekleri.com\\\/#\\\/schema\\\/logo\\\/image\\\/\"},\"sameAs\":[\"https:\\\/\\\/facebook.com\\\/reynataevyemekleri\",\"https:\\\/\\\/www.instagram.com\\\/reynataevyemekleri\"]}]}<\/script>\n<!-- \/ Yoast SEO plugin. -->","yoast_head_json":{"title":"Hakk\u0131m\u0131zda - Reynata Ev Yemekleri ve Mant\u0131","robots":{"index":"index","follow":"follow","max-snippet":"max-snippet:-1","max-image-preview":"max-image-preview:large","max-video-preview":"max-video-preview:-1"},"canonical":"https:\/\/reynataevyemekleri.com\/index.php\/hakkimizda\/","og_locale":"tr_TR","og_type":"article","og_title":"Hakk\u0131m\u0131zda - Reynata Ev Yemekleri ve Mant\u0131","og_description":"2013 y\u0131l\u0131nda Ankara K\u0131z\u0131lay Konur Sokakta \u0130karos Cafe K\u00fclt\u00fcr Evi olarak ba\u015flayan ticari hayat\u0131m\u0131za 2018 ba\u015flar\u0131ndan itibaren &#8220;Ne yedi\u011finizi sorgulay\u0131n&#8221; slogan\u0131 ile K\u0131z\u0131lay Kumrular&#8217;da Reynata Ev Yemekleri ve Mant\u0131 olarak...","og_url":"https:\/\/reynataevyemekleri.com\/index.php\/hakkimizda\/","og_site_name":"Reynata Ev Yemekleri ve Mant\u0131","article_publisher":"https:\/\/facebook.com\/reynataevyemekleri","article_modified_time":"2025-03-17T21:47:49+00:00","twitter_card":"summary_large_image","twitter_misc":{"Tahmini okuma s\u00fcresi":"1 dakika"},"schema":{"@context":"https:\/\/schema.org","@graph":[{"@type":"WebPage","@id":"https:\/\/reynataevyemekleri.com\/index.php\/hakkimizda\/","url":"https:\/\/reynataevyemekleri.com\/index.php\/hakkimizda\/","name":"Hakk\u0131m\u0131zda - Reynata Ev Yemekleri ve Mant\u0131","isPartOf":{"@id":"https:\/\/reynataevyemekleri.com\/#website"},"datePublished":"2019-08-12T20:48:13+00:00","dateModified":"2025-03-17T21:47:49+00:00","breadcrumb":{"@id":"https:\/\/reynataevyemekleri.com\/index.php\/hakkimizda\/#breadcrumb"},"inLanguage":"tr","potentialAction":[{"@type":"ReadAction","target":["https:\/\/reynataevyemekleri.com\/index.php\/hakkimizda\/"]}]},{"@type":"BreadcrumbList","@id":"https:\/\/reynataevyemekleri.com\/index.php\/hakkimizda\/#breadcrumb","itemListElement":[{"@type":"ListItem","position":1,"name":"Ana sayfa","item":"https:\/\/reynataevyemekleri.com\/"},{"@type":"ListItem","position":2,"name":"Hakk\u0131m\u0131zda"}]},{"@type":"WebSite","@id":"https:\/\/reynataevyemekleri.com\/#website","url":"https:\/\/reynataevyemekleri.com\/","name":"Reynata Ev Yemekleri ve Do\u011fal \u0130\u00e7ecekler","description":"K\u0131z\u0131lay&#039;da Ev Yemekleri ve Mant\u0131","publisher":{"@id":"https:\/\/reynataevyemekleri.com\/#organization"},"potentialAction":[{"@type":"SearchAction","target":{"@type":"EntryPoint","urlTemplate":"https:\/\/reynataevyemekleri.com\/?s={search_term_string}"},"query-input":{"@type":"PropertyValueSpecification","valueRequired":true,"valueName":"search_term_string"}}],"inLanguage":"tr"},{"@type":"Organization","@id":"https:\/\/reynataevyemekleri.com\/#organization","name":"Reynata Ev Yemekleri ve Do\u011fal \u0130\u00e7ecekler","url":"https:\/\/reynataevyemekleri.com\/","logo":{"@type":"ImageObject","inLanguage":"tr","@id":"https:\/\/reynataevyemekleri.com\/#\/schema\/logo\/image\/","url":"https:\/\/reynataevyemekleri.com\/wp-content\/uploads\/2025\/03\/Reynata-Logo-Ham-copy.png","contentUrl":"https:\/\/reynataevyemekleri.com\/wp-content\/uploads\/2025\/03\/Reynata-Logo-Ham-copy.png","width":2291,"height":2291,"caption":"Reynata Ev Yemekleri ve Do\u011fal \u0130\u00e7ecekler"},"image":{"@id":"https:\/\/reynataevyemekleri.com\/#\/schema\/logo\/image\/"},"sameAs":["https:\/\/facebook.com\/reynataevyemekleri","https:\/\/www.instagram.com\/reynataevyemekleri"]}]}},"_links":{"self":[{"href":"https:\/\/reynataevyemekleri.com\/index.php\/wp-json\/wp\/v2\/pages\/2529","targetHints":{"allow":["GET"]}}],"collection":[{"href":"https:\/\/reynataevyemekleri.com\/index.php\/wp-json\/wp\/v2\/pages"}],"about":[{"href":"https:\/\/reynataevyemekleri.com\/index.php\/wp-json\/wp\/v2\/types\/page"}],"author":[{"embeddable":true,"href":"https:\/\/reynataevyemekleri.com\/index.php\/wp-json\/wp\/v2\/users\/1"}],"replies":[{"embeddable":true,"href":"https:\/\/reynataevyemekleri.com\/index.php\/wp-json\/wp\/v2\/comments?post=2529"}],"version-history":[{"count":5,"href":"https:\/\/reynataevyemekleri.com\/index.php\/wp-json\/wp\/v2\/pages\/2529\/revisions"}],"predecessor-version":[{"id":3585,"href":"https:\/\/reynataevyemekleri.com\/index.php\/wp-json\/wp\/v2\/pages\/2529\/revisions\/3585"}],"wp:attachment":[{"href":"https:\/\/reynataevyemekleri.com\/index.php\/wp-json\/wp\/v2\/media?parent=2529"}],"curies":[{"name":"wp","href":"https:\/\/api.w.org\/{rel}","templated":true}]}}